{"id":8956,"date":"2020-04-25T13:21:37","date_gmt":"2020-04-25T16:21:37","guid":{"rendered":"https:\/\/www.worldtoptrainers.com\/wttc2\/?post_type=product&#038;p=8956"},"modified":"2025-09-08T10:45:58","modified_gmt":"2025-09-08T13:45:58","slug":"online-tecnicas-modernas-de-entrenamiento-certificacion-internacional-en-personal-training","status":"publish","type":"product","link":"https:\/\/www.worldtoptrainers.com\/wttc2\/?product=online-tecnicas-modernas-de-entrenamiento-certificacion-internacional-en-personal-training","title":{"rendered":"ONLINE &#8211; Tecnicas Modernas De Entrenamiento \u2013 Certificaci\u00f3n Internacional en Personal Training"},"content":{"rendered":"<p><strong><u>M\u00d3DULO: T\u00e9cnicas Modernas de Entrenamiento<\/u><\/strong><\/p>\n<p>-Biomecanica Individualizada: las informaciones y la manera de hacer evaluaciones biomecanicas individualizadas para prescripcion del entrenamiento<\/p>\n<p>-Fisiologia e Psicolog\u00eda: como la psicologia puede cambiar los resultados y la prescripcion el entrenamiento para resultados m\u00e1s rapidos<\/p>\n<p>-Periodizaci\u00f3n Para la Salud: herramienta de periodizacion del entrenamiento para entrenamiento de la salud<\/p>\n<p>-Principios Modernos del Entrenamiento: los principios modernos del entrenamiento que vienen antes del los principios tradicionales<\/p>\n","protected":false},"excerpt":{"rendered":"<p>M\u00d3DULO: T\u00e9cnicas Modernas de Entrenamiento -Biomecanica Individualizada: las informaciones y la manera de hacer evaluaciones biomecanicas individualizadas para prescripcion del entrenamiento -Fisiologia e Psicolog\u00eda: como la psicologia puede cambiar los resultados y la prescripcion el entrenamiento para resultados m\u00e1s rapidos -Periodizaci\u00f3n Para la Salud: herramienta de periodizacion del entrenamiento para entrenamiento de la salud -Principios [&hellip;]<\/p>\n","protected":false},"featured_media":8959,"template":"","meta":[],"product_brand":[],"product_cat":[327,337,338],"product_tag":[],"class_list":{"0":"post-8956","1":"product","2":"type-product","3":"status-publish","4":"has-post-thumbnail","6":"product_cat-online-en-espanol","7":"product_cat-online-en-espanol-wttc-online-north-and-central-americanon-usa","8":"product_cat-online-en-espanol-wttc-online-africa","10":"first","11":"instock","12":"virtual","13":"purchasable","14":"product-type-simple"},"_links":{"self":[{"href":"https:\/\/www.worldtoptrainers.com\/wttc2\/index.php?rest_route=\/wp\/v2\/product\/8956","targetHints":{"allow":["GET"]}}],"collection":[{"href":"https:\/\/www.worldtoptrainers.com\/wttc2\/index.php?rest_route=\/wp\/v2\/product"}],"about":[{"href":"https:\/\/www.worldtoptrainers.com\/wttc2\/index.php?rest_route=\/wp\/v2\/types\/product"}],"wp:featuredmedia":[{"embeddable":true,"href":"https:\/\/www.worldtoptrainers.com\/wttc2\/index.php?rest_route=\/wp\/v2\/media\/8959"}],"wp:attachment":[{"href":"https:\/\/www.worldtoptrainers.com\/wttc2\/index.php?rest_route=%2Fwp%2Fv2%2Fmedia&parent=8956"}],"wp:term":[{"taxonomy":"product_brand","embeddable":true,"href":"https:\/\/www.worldtoptrainers.com\/wttc2\/index.php?rest_route=%2Fwp%2Fv2%2Fproduct_brand&post=8956"},{"taxonomy":"product_cat","embeddable":true,"href":"https:\/\/www.worldtoptrainers.com\/wttc2\/index.php?rest_route=%2Fwp%2Fv2%2Fproduct_cat&post=8956"},{"taxonomy":"product_tag","embeddable":true,"href":"https:\/\/www.worldtoptrainers.com\/wttc2\/index.php?rest_route=%2Fwp%2Fv2%2Fproduct_tag&post=8956"}],"curies":[{"name":"wp","href":"https:\/\/api.w.org\/{rel}","templated":true}]}}