{"id":8955,"date":"2020-04-25T13:19:20","date_gmt":"2020-04-25T16:19:20","guid":{"rendered":"https:\/\/www.worldtoptrainers.com\/wttc2\/?post_type=product&#038;p=8955"},"modified":"2025-09-08T10:46:10","modified_gmt":"2025-09-08T13:46:10","slug":"online-nutricion-y-suplementacion-deportiva-certificacion-internacional-en-personal-training","status":"publish","type":"product","link":"https:\/\/www.worldtoptrainers.com\/wttc2\/?product=online-nutricion-y-suplementacion-deportiva-certificacion-internacional-en-personal-training","title":{"rendered":"ONLINE &#8211; Nutrici\u00f3n Y Suplementaci\u00f3n Deportiva \u2013 Certificaci\u00f3n Internacional en Personal Training"},"content":{"rendered":"<p><strong>M\u00f3dulo : Nutrici\u00f3n y Suplementaci\u00f3n deportiva<\/strong><\/p>\n<p>-Conceptos y herramientas para un cambio de comportamiento alimentario eficiente y moderno.<\/p>\n<p>-Los 07 conceptos de planificaci\u00f3n<\/p>\n<p>-Los contenidos responsables de un programa eficiente con resultados.<\/p>\n<p>&#8211; Suplementaci\u00f3n deportiva: qu\u00e9 es y qu\u00e9 importa saber; qu\u00e9 suplementos funcionan o no, c\u00f3mo maximizar los resultados de adherencia al entrenamiento con suplementos.<\/p>\n<p>Ejercicio y nutrici\u00f3n: acelerar, estabilizar o retrasar los resultados.<\/p>\n<p>Objetivos vs Actividades \/ Modalidades vs Demandas Nutricionales: enfoque, ciencia y realidad.<\/p>\n<p>Psicolog\u00eda vs Adherencia: la orientaci\u00f3n inteligente y planificada en relaci\u00f3n con la nutrici\u00f3n es una herramienta muy poderosa en la participaci\u00f3n del cliente.<\/p>\n<p>Ejercicio y suplementaci\u00f3n: lo m\u00e1s actual y habitual y c\u00f3mo es posible ampliar el resultado, la percepci\u00f3n de valor y calidad, de forma inteligente.<\/p>\n","protected":false},"excerpt":{"rendered":"<p>M\u00f3dulo : Nutrici\u00f3n y Suplementaci\u00f3n deportiva -Conceptos y herramientas para un cambio de comportamiento alimentario eficiente y moderno. -Los 07 conceptos de planificaci\u00f3n -Los contenidos responsables de un programa eficiente con resultados. &#8211; Suplementaci\u00f3n deportiva: qu\u00e9 es y qu\u00e9 importa saber; qu\u00e9 suplementos funcionan o no, c\u00f3mo maximizar los resultados de adherencia al entrenamiento con [&hellip;]<\/p>\n","protected":false},"featured_media":8959,"template":"","meta":[],"product_brand":[],"product_cat":[327,337,338],"product_tag":[],"class_list":{"0":"post-8955","1":"product","2":"type-product","3":"status-publish","4":"has-post-thumbnail","6":"product_cat-online-en-espanol","7":"product_cat-online-en-espanol-wttc-online-north-and-central-americanon-usa","8":"product_cat-online-en-espanol-wttc-online-africa","10":"first","11":"instock","12":"virtual","13":"purchasable","14":"product-type-simple"},"_links":{"self":[{"href":"https:\/\/www.worldtoptrainers.com\/wttc2\/index.php?rest_route=\/wp\/v2\/product\/8955","targetHints":{"allow":["GET"]}}],"collection":[{"href":"https:\/\/www.worldtoptrainers.com\/wttc2\/index.php?rest_route=\/wp\/v2\/product"}],"about":[{"href":"https:\/\/www.worldtoptrainers.com\/wttc2\/index.php?rest_route=\/wp\/v2\/types\/product"}],"wp:featuredmedia":[{"embeddable":true,"href":"https:\/\/www.worldtoptrainers.com\/wttc2\/index.php?rest_route=\/wp\/v2\/media\/8959"}],"wp:attachment":[{"href":"https:\/\/www.worldtoptrainers.com\/wttc2\/index.php?rest_route=%2Fwp%2Fv2%2Fmedia&parent=8955"}],"wp:term":[{"taxonomy":"product_brand","embeddable":true,"href":"https:\/\/www.worldtoptrainers.com\/wttc2\/index.php?rest_route=%2Fwp%2Fv2%2Fproduct_brand&post=8955"},{"taxonomy":"product_cat","embeddable":true,"href":"https:\/\/www.worldtoptrainers.com\/wttc2\/index.php?rest_route=%2Fwp%2Fv2%2Fproduct_cat&post=8955"},{"taxonomy":"product_tag","embeddable":true,"href":"https:\/\/www.worldtoptrainers.com\/wttc2\/index.php?rest_route=%2Fwp%2Fv2%2Fproduct_tag&post=8955"}],"curies":[{"name":"wp","href":"https:\/\/api.w.org\/{rel}","templated":true}]}}