{"id":6791,"date":"2019-01-28T19:41:57","date_gmt":"2019-01-28T21:41:57","guid":{"rendered":"https:\/\/www.worldtoptrainers.com\/wttc2\/?post_type=product&#038;p=6791"},"modified":"2023-06-27T10:57:24","modified_gmt":"2023-06-27T13:57:24","slug":"posts-e-midias-sociais-feed-e-stories-5x-semana","status":"publish","type":"product","link":"https:\/\/www.worldtoptrainers.com\/wttc2\/?product=posts-e-midias-sociais-feed-e-stories-5x-semana","title":{"rendered":"Posts e M\u00eddias Sociais &#8211; Feed e Stories (5x\/semana\/\/Pagamento mensal autom\u00e1tico)"},"content":{"rendered":"<p>Programa\u00e7\u00e3o e Posts para Insta ou Face de acordo com datas e eventos ao longo do ano. Todos os dias de 2a \u00e0 6a feira, voc\u00ea ir\u00e1 receber um post bem produzido, com imagem de qualidade, chamadas\/texto, hashtags, e com sua logo estampada nas imagens para colocar no seu feed e nos stories tamb\u00e9m.<\/p>\n","protected":false},"excerpt":{"rendered":"<p>Programa\u00e7\u00e3o e Posts para Insta ou Face de acordo com datas e eventos ao longo do ano. Todos os dias de 2a \u00e0 6a feira, voc\u00ea ir\u00e1 receber um post bem produzido, com imagem de qualidade, chamadas\/texto, hashtags, e com sua logo estampada nas imagens para colocar no seu feed e nos stories tamb\u00e9m.<\/p>\n","protected":false},"featured_media":6788,"template":"","meta":[],"product_brand":[],"product_cat":[182],"product_tag":[134],"class_list":{"0":"post-6791","1":"product","2":"type-product","3":"status-publish","4":"has-post-thumbnail","6":"product_cat-posts","7":"product_tag-logo","9":"first","10":"instock","11":"sale","12":"shipping-taxable","13":"product-type-external"},"_links":{"self":[{"href":"https:\/\/www.worldtoptrainers.com\/wttc2\/index.php?rest_route=\/wp\/v2\/product\/6791","targetHints":{"allow":["GET"]}}],"collection":[{"href":"https:\/\/www.worldtoptrainers.com\/wttc2\/index.php?rest_route=\/wp\/v2\/product"}],"about":[{"href":"https:\/\/www.worldtoptrainers.com\/wttc2\/index.php?rest_route=\/wp\/v2\/types\/product"}],"wp:featuredmedia":[{"embeddable":true,"href":"https:\/\/www.worldtoptrainers.com\/wttc2\/index.php?rest_route=\/wp\/v2\/media\/6788"}],"wp:attachment":[{"href":"https:\/\/www.worldtoptrainers.com\/wttc2\/index.php?rest_route=%2Fwp%2Fv2%2Fmedia&parent=6791"}],"wp:term":[{"taxonomy":"product_brand","embeddable":true,"href":"https:\/\/www.worldtoptrainers.com\/wttc2\/index.php?rest_route=%2Fwp%2Fv2%2Fproduct_brand&post=6791"},{"taxonomy":"product_cat","embeddable":true,"href":"https:\/\/www.worldtoptrainers.com\/wttc2\/index.php?rest_route=%2Fwp%2Fv2%2Fproduct_cat&post=6791"},{"taxonomy":"product_tag","embeddable":true,"href":"https:\/\/www.worldtoptrainers.com\/wttc2\/index.php?rest_route=%2Fwp%2Fv2%2Fproduct_tag&post=6791"}],"curies":[{"name":"wp","href":"https:\/\/api.w.org\/{rel}","templated":true}]}}