{"id":2637,"date":"2017-06-03T20:41:25","date_gmt":"2017-06-03T23:41:25","guid":{"rendered":"http:\/\/www.worldtoptrainers.com\/wttc2\/?post_type=product&#038;p=2637"},"modified":"2023-08-27T12:34:11","modified_gmt":"2023-08-27T15:34:11","slug":"patch-wttc-world-top-trainers-certification","status":"publish","type":"product","link":"https:\/\/www.worldtoptrainers.com\/wttc2\/?product=patch-wttc-world-top-trainers-certification","title":{"rendered":"Patch &#8211; WTTC &#8211; World Top Trainers Certification(apenas dispon\u00edvel para quem j\u00e1 fez algum dos m\u00f3dulos da certifica\u00e7\u00e3o\/n\u00e3o compre se n\u00e3o fez nenhum curso da certifica\u00e7\u00e3o)"},"content":{"rendered":"","protected":false},"excerpt":{"rendered":"<p>Patch para colar com o ferro de passar em qualquer camiseta, camisa, bermuda, uniforme, etc.<\/p>\n","protected":false},"featured_media":2638,"template":"","meta":[],"product_brand":[],"product_cat":[73],"product_tag":[140,141,142],"class_list":{"0":"post-2637","1":"product","2":"type-product","3":"status-publish","4":"has-post-thumbnail","6":"product_cat-koatch-store-roupas-e-acessoriosclothes-and-accessories","7":"product_tag-acessorios","8":"product_tag-roupas","9":"product_tag-patch-wttc","11":"first","12":"instock","13":"shipping-taxable","14":"purchasable","15":"product-type-simple"},"_links":{"self":[{"href":"https:\/\/www.worldtoptrainers.com\/wttc2\/index.php?rest_route=\/wp\/v2\/product\/2637","targetHints":{"allow":["GET"]}}],"collection":[{"href":"https:\/\/www.worldtoptrainers.com\/wttc2\/index.php?rest_route=\/wp\/v2\/product"}],"about":[{"href":"https:\/\/www.worldtoptrainers.com\/wttc2\/index.php?rest_route=\/wp\/v2\/types\/product"}],"wp:featuredmedia":[{"embeddable":true,"href":"https:\/\/www.worldtoptrainers.com\/wttc2\/index.php?rest_route=\/wp\/v2\/media\/2638"}],"wp:attachment":[{"href":"https:\/\/www.worldtoptrainers.com\/wttc2\/index.php?rest_route=%2Fwp%2Fv2%2Fmedia&parent=2637"}],"wp:term":[{"taxonomy":"product_brand","embeddable":true,"href":"https:\/\/www.worldtoptrainers.com\/wttc2\/index.php?rest_route=%2Fwp%2Fv2%2Fproduct_brand&post=2637"},{"taxonomy":"product_cat","embeddable":true,"href":"https:\/\/www.worldtoptrainers.com\/wttc2\/index.php?rest_route=%2Fwp%2Fv2%2Fproduct_cat&post=2637"},{"taxonomy":"product_tag","embeddable":true,"href":"https:\/\/www.worldtoptrainers.com\/wttc2\/index.php?rest_route=%2Fwp%2Fv2%2Fproduct_tag&post=2637"}],"curies":[{"name":"wp","href":"https:\/\/api.w.org\/{rel}","templated":true}]}}