{"id":2635,"date":"2017-06-03T20:39:32","date_gmt":"2017-06-03T23:39:32","guid":{"rendered":"http:\/\/www.worldtoptrainers.com\/wttc2\/?post_type=product&#038;p=2635"},"modified":"2020-06-02T12:14:54","modified_gmt":"2020-06-02T15:14:54","slug":"patch-wttc-masterminds","status":"publish","type":"product","link":"https:\/\/www.worldtoptrainers.com\/wttc2\/?product=patch-wttc-masterminds","title":{"rendered":"Patch &#8211; WTTC &#8211; Masterminds(apenas dispon\u00edvel para os participantes do programa Masterminds da WTTC\/n\u00e3o compre se voc\u00ea n\u00e3o faz parte dos Masterminds)"},"content":{"rendered":"","protected":false},"excerpt":{"rendered":"<div class=\"gwt-HTML\">\n<p>Somente para quem \u00e9 ou j\u00e1 foi aluno do programa WTTC Masterminds.<\/p>\n<p>Patch para colar com o ferro de passar em qualquer camiseta, camisa, bermuda, uniforme, etc.<\/p>\n<\/div>\n","protected":false},"featured_media":2636,"template":"","meta":[],"product_brand":[],"product_cat":[73],"product_tag":[115,140,141,143,144],"class_list":{"0":"post-2635","1":"product","2":"type-product","3":"status-publish","4":"has-post-thumbnail","6":"product_cat-koatch-store-roupas-e-acessoriosclothes-and-accessories","7":"product_tag-masterminds","8":"product_tag-acessorios","9":"product_tag-roupas","10":"product_tag-wttc-masterminds","11":"product_tag-patch-masterminds","13":"first","14":"instock","15":"shipping-taxable","16":"purchasable","17":"product-type-simple"},"_links":{"self":[{"href":"https:\/\/www.worldtoptrainers.com\/wttc2\/index.php?rest_route=\/wp\/v2\/product\/2635","targetHints":{"allow":["GET"]}}],"collection":[{"href":"https:\/\/www.worldtoptrainers.com\/wttc2\/index.php?rest_route=\/wp\/v2\/product"}],"about":[{"href":"https:\/\/www.worldtoptrainers.com\/wttc2\/index.php?rest_route=\/wp\/v2\/types\/product"}],"wp:featuredmedia":[{"embeddable":true,"href":"https:\/\/www.worldtoptrainers.com\/wttc2\/index.php?rest_route=\/wp\/v2\/media\/2636"}],"wp:attachment":[{"href":"https:\/\/www.worldtoptrainers.com\/wttc2\/index.php?rest_route=%2Fwp%2Fv2%2Fmedia&parent=2635"}],"wp:term":[{"taxonomy":"product_brand","embeddable":true,"href":"https:\/\/www.worldtoptrainers.com\/wttc2\/index.php?rest_route=%2Fwp%2Fv2%2Fproduct_brand&post=2635"},{"taxonomy":"product_cat","embeddable":true,"href":"https:\/\/www.worldtoptrainers.com\/wttc2\/index.php?rest_route=%2Fwp%2Fv2%2Fproduct_cat&post=2635"},{"taxonomy":"product_tag","embeddable":true,"href":"https:\/\/www.worldtoptrainers.com\/wttc2\/index.php?rest_route=%2Fwp%2Fv2%2Fproduct_tag&post=2635"}],"curies":[{"name":"wp","href":"https:\/\/api.w.org\/{rel}","templated":true}]}}