{"id":2633,"date":"2017-06-03T20:36:33","date_gmt":"2017-06-03T23:36:33","guid":{"rendered":"http:\/\/www.worldtoptrainers.com\/wttc2\/?post_type=product&#038;p=2633"},"modified":"2023-05-06T11:36:18","modified_gmt":"2023-05-06T14:36:18","slug":"patch-wttc-certified","status":"publish","type":"product","link":"https:\/\/www.worldtoptrainers.com\/wttc2\/?product=patch-wttc-certified","title":{"rendered":"Patch &#8211; WTTC &#8211; Certified(apenas dispon\u00edvel para quem completou os 4 m\u00f3dulos\/n\u00e3o compre se n\u00e3o completou)"},"content":{"rendered":"","protected":false},"excerpt":{"rendered":"<div class=\"gwt-HTML\">\n<p>Somente para quem j\u00e1 concluiu os 4 m\u00f3dulos da Certifica\u00e7\u00e3o WTTC.<\/p>\n<p>Patch para colar com o ferro de passar em qualquer camiseta, camisa, bermuda, uniforme, etc.<\/p>\n<\/div>\n","protected":false},"featured_media":2634,"template":"","meta":[],"product_brand":[],"product_cat":[73],"product_tag":[140,141,142],"class_list":{"0":"post-2633","1":"product","2":"type-product","3":"status-publish","4":"has-post-thumbnail","6":"product_cat-koatch-store-roupas-e-acessoriosclothes-and-accessories","7":"product_tag-acessorios","8":"product_tag-roupas","9":"product_tag-patch-wttc","11":"first","12":"instock","13":"shipping-taxable","14":"purchasable","15":"product-type-simple"},"_links":{"self":[{"href":"https:\/\/www.worldtoptrainers.com\/wttc2\/index.php?rest_route=\/wp\/v2\/product\/2633","targetHints":{"allow":["GET"]}}],"collection":[{"href":"https:\/\/www.worldtoptrainers.com\/wttc2\/index.php?rest_route=\/wp\/v2\/product"}],"about":[{"href":"https:\/\/www.worldtoptrainers.com\/wttc2\/index.php?rest_route=\/wp\/v2\/types\/product"}],"wp:featuredmedia":[{"embeddable":true,"href":"https:\/\/www.worldtoptrainers.com\/wttc2\/index.php?rest_route=\/wp\/v2\/media\/2634"}],"wp:attachment":[{"href":"https:\/\/www.worldtoptrainers.com\/wttc2\/index.php?rest_route=%2Fwp%2Fv2%2Fmedia&parent=2633"}],"wp:term":[{"taxonomy":"product_brand","embeddable":true,"href":"https:\/\/www.worldtoptrainers.com\/wttc2\/index.php?rest_route=%2Fwp%2Fv2%2Fproduct_brand&post=2633"},{"taxonomy":"product_cat","embeddable":true,"href":"https:\/\/www.worldtoptrainers.com\/wttc2\/index.php?rest_route=%2Fwp%2Fv2%2Fproduct_cat&post=2633"},{"taxonomy":"product_tag","embeddable":true,"href":"https:\/\/www.worldtoptrainers.com\/wttc2\/index.php?rest_route=%2Fwp%2Fv2%2Fproduct_tag&post=2633"}],"curies":[{"name":"wp","href":"https:\/\/api.w.org\/{rel}","templated":true}]}}