{"id":2628,"date":"2017-06-03T20:27:53","date_gmt":"2017-06-03T23:27:53","guid":{"rendered":"http:\/\/www.worldtoptrainers.com\/wttc2\/?post_type=product&#038;p=2628"},"modified":"2021-03-17T01:44:14","modified_gmt":"2021-03-17T04:44:14","slug":"site-profissional-modelo-personalizado-e-customizado","status":"publish","type":"product","link":"https:\/\/www.worldtoptrainers.com\/wttc2\/?product=site-profissional-modelo-personalizado-e-customizado","title":{"rendered":"Site Profissional &#8211; Modelo Personalizado e Customizado"},"content":{"rendered":"<p>Site institucional modelo completo, criado por webdesigner profissional, totalmente customizado, com imagens e informa\u00e7\u00f5es sobre seu servi\u00e7o e produtos.<\/p>\n<p>Pre\u00e7o conforme projeto. Entre em contato: wttc@wttc.com.br<\/p>","protected":false},"excerpt":{"rendered":"<p>Site institucional modelo completo, criado por webdesigner profissional, totalmente customizado, com imagens e informa\u00e7\u00f5es sobre seu servi\u00e7o e produtos.<\/p>\n<p>Pre\u00e7o conforme projeto. Entre em contato: wttc@wttc.com.br<\/p>\n","protected":false},"featured_media":2627,"template":"","meta":[],"product_brand":[],"product_cat":[350],"product_tag":[137,138],"class_list":{"0":"post-2628","1":"product","2":"type-product","3":"status-publish","4":"has-post-thumbnail","6":"product_cat-sites","7":"product_tag-website","8":"product_tag-site","10":"first","11":"outofstock","12":"shipping-taxable","13":"purchasable","14":"product-type-variable"},"_links":{"self":[{"href":"https:\/\/www.worldtoptrainers.com\/wttc2\/index.php?rest_route=\/wp\/v2\/product\/2628","targetHints":{"allow":["GET"]}}],"collection":[{"href":"https:\/\/www.worldtoptrainers.com\/wttc2\/index.php?rest_route=\/wp\/v2\/product"}],"about":[{"href":"https:\/\/www.worldtoptrainers.com\/wttc2\/index.php?rest_route=\/wp\/v2\/types\/product"}],"wp:featuredmedia":[{"embeddable":true,"href":"https:\/\/www.worldtoptrainers.com\/wttc2\/index.php?rest_route=\/wp\/v2\/media\/2627"}],"wp:attachment":[{"href":"https:\/\/www.worldtoptrainers.com\/wttc2\/index.php?rest_route=%2Fwp%2Fv2%2Fmedia&parent=2628"}],"wp:term":[{"taxonomy":"product_brand","embeddable":true,"href":"https:\/\/www.worldtoptrainers.com\/wttc2\/index.php?rest_route=%2Fwp%2Fv2%2Fproduct_brand&post=2628"},{"taxonomy":"product_cat","embeddable":true,"href":"https:\/\/www.worldtoptrainers.com\/wttc2\/index.php?rest_route=%2Fwp%2Fv2%2Fproduct_cat&post=2628"},{"taxonomy":"product_tag","embeddable":true,"href":"https:\/\/www.worldtoptrainers.com\/wttc2\/index.php?rest_route=%2Fwp%2Fv2%2Fproduct_tag&post=2628"}],"curies":[{"name":"wp","href":"https:\/\/api.w.org\/{rel}","templated":true}]}}