{"id":2576,"date":"2017-06-03T17:51:21","date_gmt":"2017-06-03T20:51:21","guid":{"rendered":"http:\/\/www.worldtoptrainers.com\/wttc2\/?post_type=product&#038;p=2576"},"modified":"2017-06-03T17:51:21","modified_gmt":"2017-06-03T20:51:21","slug":"colunista-vidasana-vspacote-de-6-meses-r15500-por-mes","status":"publish","type":"product","link":"https:\/\/www.worldtoptrainers.com\/wttc2\/?product=colunista-vidasana-vspacote-de-6-meses-r15500-por-mes","title":{"rendered":"Colunista VidaSana &#8211; VS+(Pacote de 6 meses &#8211; R$155,00 por m\u00eas)"},"content":{"rendered":"","protected":false},"excerpt":{"rendered":"<p>Participa\u00e7\u00e3o como colunista do Portal Vida Sana (<a href=\"http:\/\/www.vidasana.com.br\">www.vidasana.com.br<\/a>) com trabalho de assessoria jornal\u00edstica e de imprensa em cima dos textos, com DUAS publica\u00e7\u00f5es por m\u00eas.<\/p>\n","protected":false},"featured_media":2577,"template":"","meta":[],"product_brand":[],"product_cat":[64],"product_tag":[109,110,111],"class_list":{"0":"post-2576","1":"product","2":"type-product","3":"status-publish","4":"has-post-thumbnail","6":"product_cat-vidasana-voce-na-midia","7":"product_tag-vida-sana","8":"product_tag-assessoria-de-imprensa","9":"product_tag-colunista","11":"first","12":"instock","13":"virtual","14":"purchasable","15":"product-type-simple"},"_links":{"self":[{"href":"https:\/\/www.worldtoptrainers.com\/wttc2\/index.php?rest_route=\/wp\/v2\/product\/2576","targetHints":{"allow":["GET"]}}],"collection":[{"href":"https:\/\/www.worldtoptrainers.com\/wttc2\/index.php?rest_route=\/wp\/v2\/product"}],"about":[{"href":"https:\/\/www.worldtoptrainers.com\/wttc2\/index.php?rest_route=\/wp\/v2\/types\/product"}],"wp:featuredmedia":[{"embeddable":true,"href":"https:\/\/www.worldtoptrainers.com\/wttc2\/index.php?rest_route=\/wp\/v2\/media\/2577"}],"wp:attachment":[{"href":"https:\/\/www.worldtoptrainers.com\/wttc2\/index.php?rest_route=%2Fwp%2Fv2%2Fmedia&parent=2576"}],"wp:term":[{"taxonomy":"product_brand","embeddable":true,"href":"https:\/\/www.worldtoptrainers.com\/wttc2\/index.php?rest_route=%2Fwp%2Fv2%2Fproduct_brand&post=2576"},{"taxonomy":"product_cat","embeddable":true,"href":"https:\/\/www.worldtoptrainers.com\/wttc2\/index.php?rest_route=%2Fwp%2Fv2%2Fproduct_cat&post=2576"},{"taxonomy":"product_tag","embeddable":true,"href":"https:\/\/www.worldtoptrainers.com\/wttc2\/index.php?rest_route=%2Fwp%2Fv2%2Fproduct_tag&post=2576"}],"curies":[{"name":"wp","href":"https:\/\/api.w.org\/{rel}","templated":true}]}}