{"id":10153,"date":"2023-06-17T19:42:21","date_gmt":"2023-06-17T22:42:21","guid":{"rendered":"https:\/\/www.worldtoptrainers.com\/wttc2\/?post_type=product&#038;p=10153"},"modified":"2023-06-17T19:42:22","modified_gmt":"2023-06-17T22:42:22","slug":"misiones-matriculawttcmodulo-marketing","status":"publish","type":"product","link":"https:\/\/www.worldtoptrainers.com\/wttc2\/?product=misiones-matriculawttcmodulo-marketing","title":{"rendered":"Misiones-Matr\u00edculaWTTC(Modulo: Marketing)"},"content":{"rendered":"<p>Matricula de validacion del M\u00f3dulo de Marketing, Gesti\u00f3n y Carrera de la WTTC<\/p>\n<p>SOLO PARA INSCRIPTOS EN EL CONGRESO DE MISIONES &#8211; ARGENTINA<\/p>\n","protected":false},"excerpt":{"rendered":"<p>Matricula de validacion del M\u00f3dulo de Marketing, Gesti\u00f3n y Carrera de la WTTC<\/p>\n<p>&nbsp;<\/p>\n<p>SOLO PARA INSCRIPTOS EN EL CONGRESO DE MISIONES &#8211; ARGENTINA<\/p>\n","protected":false},"featured_media":10154,"template":"","meta":[],"product_brand":[],"product_cat":[55,158,347,62],"product_tag":[],"class_list":{"0":"post-10153","1":"product","2":"type-product","3":"status-publish","4":"has-post-thumbnail","6":"product_cat-certificacao-internacional-em-personal-training-world-top-trainers-certification","7":"product_cat-argentina","8":"product_cat-wttc-presencial-south-americanon-brazil","9":"product_cat-south-america-non-brazil","11":"first","12":"instock","13":"sale","14":"virtual","15":"purchasable","16":"product-type-simple"},"_links":{"self":[{"href":"https:\/\/www.worldtoptrainers.com\/wttc2\/index.php?rest_route=\/wp\/v2\/product\/10153","targetHints":{"allow":["GET"]}}],"collection":[{"href":"https:\/\/www.worldtoptrainers.com\/wttc2\/index.php?rest_route=\/wp\/v2\/product"}],"about":[{"href":"https:\/\/www.worldtoptrainers.com\/wttc2\/index.php?rest_route=\/wp\/v2\/types\/product"}],"wp:featuredmedia":[{"embeddable":true,"href":"https:\/\/www.worldtoptrainers.com\/wttc2\/index.php?rest_route=\/wp\/v2\/media\/10154"}],"wp:attachment":[{"href":"https:\/\/www.worldtoptrainers.com\/wttc2\/index.php?rest_route=%2Fwp%2Fv2%2Fmedia&parent=10153"}],"wp:term":[{"taxonomy":"product_brand","embeddable":true,"href":"https:\/\/www.worldtoptrainers.com\/wttc2\/index.php?rest_route=%2Fwp%2Fv2%2Fproduct_brand&post=10153"},{"taxonomy":"product_cat","embeddable":true,"href":"https:\/\/www.worldtoptrainers.com\/wttc2\/index.php?rest_route=%2Fwp%2Fv2%2Fproduct_cat&post=10153"},{"taxonomy":"product_tag","embeddable":true,"href":"https:\/\/www.worldtoptrainers.com\/wttc2\/index.php?rest_route=%2Fwp%2Fv2%2Fproduct_tag&post=10153"}],"curies":[{"name":"wp","href":"https:\/\/api.w.org\/{rel}","templated":true}]}}