{"id":10114,"date":"2023-04-01T16:07:57","date_gmt":"2023-04-01T19:07:57","guid":{"rendered":"https:\/\/www.worldtoptrainers.com\/wttc2\/?post_type=product&#038;p=10114"},"modified":"2023-04-01T16:14:40","modified_gmt":"2023-04-01T19:14:40","slug":"enef-2023-validacao-da-certificacao-wttc","status":"publish","type":"product","link":"https:\/\/www.worldtoptrainers.com\/wttc2\/?product=enef-2023-validacao-da-certificacao-wttc","title":{"rendered":"ENEF-2023-Valida\u00e7\u00e3o da Certifica\u00e7\u00e3o WTTC"},"content":{"rendered":"<p>Valida\u00e7\u00e3o dos 2 m\u00f3dulos da WTTC ministrados no ENEF 2023 &#8211; Limoeiro.<\/p>\n<p>Ao inv\u00e9s de R$698,00 por dois m\u00f3dulos s\u00f3 pagam R$98.<\/p>\n<p>V\u00e1lido s\u00f3 para os alunos que fizeram os m\u00f3dulos da WTTC no ENEF 2023.<\/p>\n","protected":false},"excerpt":{"rendered":"<p>Valida\u00e7\u00e3o dos 2 m\u00f3dulos da WTTC ministrados no ENEF 2023 &#8211; Limoeiro. Ao inv\u00e9s de R$698,00 por dois m\u00f3dulos s\u00f3 pagam R$98. V\u00e1lido s\u00f3 para os alunos que fizeram os m\u00f3dulos da WTTC no ENEF 2023.<\/p>\n","protected":false},"featured_media":10115,"template":"","meta":[],"product_brand":[],"product_cat":[71],"product_tag":[],"class_list":{"0":"post-10114","1":"product","2":"type-product","3":"status-publish","4":"has-post-thumbnail","6":"product_cat-ticketsargentina-ou-famesp","8":"first","9":"instock","10":"sale","11":"virtual","12":"purchasable","13":"product-type-simple"},"_links":{"self":[{"href":"https:\/\/www.worldtoptrainers.com\/wttc2\/index.php?rest_route=\/wp\/v2\/product\/10114","targetHints":{"allow":["GET"]}}],"collection":[{"href":"https:\/\/www.worldtoptrainers.com\/wttc2\/index.php?rest_route=\/wp\/v2\/product"}],"about":[{"href":"https:\/\/www.worldtoptrainers.com\/wttc2\/index.php?rest_route=\/wp\/v2\/types\/product"}],"wp:featuredmedia":[{"embeddable":true,"href":"https:\/\/www.worldtoptrainers.com\/wttc2\/index.php?rest_route=\/wp\/v2\/media\/10115"}],"wp:attachment":[{"href":"https:\/\/www.worldtoptrainers.com\/wttc2\/index.php?rest_route=%2Fwp%2Fv2%2Fmedia&parent=10114"}],"wp:term":[{"taxonomy":"product_brand","embeddable":true,"href":"https:\/\/www.worldtoptrainers.com\/wttc2\/index.php?rest_route=%2Fwp%2Fv2%2Fproduct_brand&post=10114"},{"taxonomy":"product_cat","embeddable":true,"href":"https:\/\/www.worldtoptrainers.com\/wttc2\/index.php?rest_route=%2Fwp%2Fv2%2Fproduct_cat&post=10114"},{"taxonomy":"product_tag","embeddable":true,"href":"https:\/\/www.worldtoptrainers.com\/wttc2\/index.php?rest_route=%2Fwp%2Fv2%2Fproduct_tag&post=10114"}],"curies":[{"name":"wp","href":"https:\/\/api.w.org\/{rel}","templated":true}]}}