{"id":2052,"date":"2016-11-27T18:58:42","date_gmt":"2016-11-27T20:58:42","guid":{"rendered":"http:\/\/www.worldtoptrainers.com\/wttc2\/?page_id=2052"},"modified":"2024-04-24T14:41:27","modified_gmt":"2024-04-24T17:41:27","slug":"buscar-treinadores","status":"publish","type":"page","link":"https:\/\/www.worldtoptrainers.com\/wttc2\/?page_id=2052&lang=es","title":{"rendered":"Buscar"},"content":{"rendered":"<p><\/p>\n<h3>Haga su b\u00fasqueda utilizando uno o todos los par\u00e1metros a continuaci\u00f3n:<\/h3>\n<div style=\"width: 50%; margin: 0 auto;\">\n<form action=\"http:\/\/worldtoptrainers.com\/wttc2\/index.php\" method=\"GET\" id=\"formSearchTrainer\">\n<div class=\"row\">\n<div class=\"col-md-12\">\n      Nome<br \/>\n      <input name=\"nome\" type=\"text\" \/><br \/>\n      <input name=\"page_id\" type=\"hidden\" value=\"2045\" \/>\n    <\/div>\n<\/p><\/div>\n<div class=\"row\">\n<div class=\"col-md-12\">\n    Local de Certifica\u00e7\u00e3o<br \/>\n    <select class=\"form-control\" name=\"cidade\"><option selected=\"selected\" value=\"0\">Escolha<\/option>\ufeff<option value=159>Alicante - ESPA\u00d1A<\/option><option value=158>Americana - SP - BRASIL<\/option><option value=152>Amsterdam - NETHERLANDS<\/option><option value=197>Antofagasta - CHILE<\/option><option value=99>Aracaju - SE - BRASIL<\/option><option value=123>Ariquemes - RO - BRASIL<\/option><option value=90>Asunci\u00f3n - PARAGUAY<\/option><option value=118>Auckland - NEW ZEALAND<\/option><option value=177>Auriflama - SP - BRASIL<\/option><option value=91>Barcelona - ESPA\u00d1A<\/option><option value=150>Bariloche - ARGENTINA<\/option><option value=26>Batatais - SP - BRASIL<\/option><option value=139>Bauru - SP - BRASIL<\/option><option value=96>Bebedouro - SP - BRASIL<\/option><option value=2>Bel\u00e9m - PA - BRASIL<\/option><option value=72>Belo Horizonte - MG - BRASIL<\/option><option value=103>Bento Gon\u00e7alves - RS - BRASIL<\/option><option value=124>Berlin - GERMANY<\/option><option value=168>Blumenau - SC - BRASIL<\/option><option value=194>Bogot\u00e1 - COLOMBIA<\/option><option value=132>Botucatu - SP - BRASIL<\/option><option value=173>Braga - PORTUGAL<\/option><option value=3>Bras\u00edlia - DF - BRASIL<\/option><option value=4>Buenos Aires - ARGENTINA<\/option><option value=143>Cabo Frio - RJ - BRASIL<\/option><option value=161>Calama - Chile<\/option><option value=5>Campinas - SP - BRASIL<\/option><option value=6>Campo Grande - MS - BRASIL<\/option><option value=186>Caruaru - PE - BRASIL<\/option><option value=185>Caxias do Sul - RS - BRASIL<\/option><option value=82>Chapec\u00f3 - SC - BRASIL<\/option><option value=114>Chicago - USA<\/option><option value=164>Coronel Fabriciano - MG - Brasil<\/option><option value=134>Coyhaique - CHILE<\/option><option value=130>Crici\u00fama - SC - BRASIL<\/option><option value=7>Cruzeiro - SP - BRASIL<\/option><option value=8>Cuiab\u00e1 - MT - BRASIL<\/option><option value=9>Curitiba - PR - BRASIL<\/option><option value=109>Dublin- IRELAND<\/option><option value=172>Famalic\u00e3o - PORTUGAL<\/option><option value=184>Feira de Santana - BA - Brasil<\/option><option value=10>Florian\u00f3polis - SC - BRASIL<\/option><option value=11>Fortaleza - CE - BRASIL<\/option><option value=98>Franca - SP - BRASIL<\/option><option value=131>Gen\u00e9ve - SWITZERLAND<\/option><option value=12>Goi\u00e2nia - GO - BRASIL<\/option><option value=198>Guadalajara - MEXICO<\/option><option value=25>Guarapari - ES - BRASIL<\/option><option value=166>Guarapuava - PR - BRASIL<\/option><option value=174>Guimar\u00e3es - PORTUGAL<\/option><option value=140>Ja\u00fa - SP - BRASIL<\/option><option value=101>Jo\u00e3o Pessoa - PB - BRASIL<\/option><option value=116>Johannesburg - SOUTH AFRICA<\/option><option value=121>Joinville - SC - BRASIL<\/option><option value=171>Jundia\u00ed - SP - Brasil<\/option><option value=204>Las Vegas - USA<\/option><option value=180>Lima - PERU<\/option><option value=106>Lisboa - PORTUGAL<\/option><option value=111>London - ENGLAND<\/option><option value=169>Londrina - PR - BRASIL<\/option><option value=189>Lorena - SP - BRASIL<\/option><option value=126>Los Angeles - USA<\/option><option value=183>Luanda - ANGOLA<\/option><option value=100>Macei\u00f3 - AL - BRASIL<\/option><option value=115>Madrid - ESPA\u00d1A<\/option><option value=141>Maldonado - URUGUAY<\/option><option value=102>Manaus - AM - BRASIL<\/option><option value=119>Manchester - ENGLAND<\/option><option value=162>Mar\u00edlia - SP - Brasil<\/option><option value=203>Medell\u00edn - COLOMBIA<\/option><option value=89>Mexico City - MEXICO<\/option><option value=93>Miami - USA<\/option><option value=108>Milano - ITALY<\/option><option value=192>Misiones - ARGENTINA<\/option><option value=13>Montevideo - URUGUAY<\/option><option value=1>N\u00e3o listado<\/option><option value=154>Napoli - ITALIA<\/option><option value=14>Natal - RN - BRASIL<\/option><option value=92>New York - USA<\/option><option value=187>ONLINE<\/option><option value=120>Orlando - USA<\/option><option value=135>Paran\u00e1 - ARGENTINA<\/option><option value=112>Paris - FRANCE<\/option><option value=86>Passo Fundo - RS - BRASIL<\/option><option value=129>Paysand\u00fa - URUGUAY<\/option><option value=138>Pedro Juan Caballero - PARAGUAY<\/option><option value=146>Pinamar y Carilo - ARGENTINA<\/option><option value=42>Po\u00e7os de Caldas - MG - BRASIL<\/option><option value=52>Po\u00e7os de Caldas(GESTORES-ENAF) - BRASIL<\/option><option value=167>Ponta Grossa - PR - BRASIL<\/option><option value=137>Ponta Por\u00e3 - MS - BRASIL<\/option><option value=107>Porto - PORTUGAL<\/option><option value=15>Porto Alegre - RS - BRASIL<\/option><option value=95>Porto Velho - RO - BRASIL<\/option><option value=202>Posadas - ARGENTINA<\/option><option value=149>Presidente Prudente - SP - BRASIL<\/option><option value=142>Punta del Este - URUGUAY<\/option><option value=196>Rancagua - CHILE<\/option><option value=16>Recife - PE - BRASIL<\/option><option value=17>Ribeir\u00e3o Preto - SP - BRASIL<\/option><option value=178>Rio Claro - SP - BRASIL<\/option><option value=18>Rio de Janeiro - RJ - BRASIL<\/option><option value=179>Rio Verde - GO - BRASIL<\/option><option value=151>Rivera - URUGUAY<\/option><option value=110>Roma - ITALY<\/option><option value=125>Sacramento - USA<\/option><option value=19>Salvador - BA - BRASIL<\/option><option value=127>San Diego - USA<\/option><option value=113>San Francisco - USA<\/option><option value=191>San Jos\u00e9 - Costa Rica<\/option><option value=190>San Ram\u00f3n - COSTA RICA<\/option><option value=195>San Ram\u00f3n - COSTA RICA<\/option><option value=20>Santiago - CHILE<\/option><option value=122>Santo Andr\u00e9  - SP - BRASIL<\/option><option value=199>Santo Domingo - REPUBLICA DOMINICANA<\/option><option value=97>Santos - SP - BRASIL<\/option><option value=148>S\u00e3o Jos\u00e9 Do Rio Preto - SP - BRASIL<\/option><option value=87>S\u00e3o Jos\u00e9 dos Campos - SP - BRASIL<\/option><option value=21>S\u00e3o Luiz - MA - BRASIL<\/option><option value=22>S\u00e3o Paulo - SP - BRASIL<\/option><option value=117>Sidney - AUSTRALIA<\/option><option value=170>Sorocaba - SP - Brasil<\/option><option value=94>Teresina - PI - BRASIL<\/option><option value=153>Torino - ITALIA<\/option><option value=136>Tubar\u00e3o - SC - BRASIL<\/option><option value=201>Tucuman - ARGENTINA<\/option><option value=176>Uberaba - MG - BRASIL<\/option><option value=163>Vale do A\u00e7o - Brasil<\/option><option value=147>Valencia - ESPA\u00d1A<\/option><option value=175>Valpara\u00edso - CHILE<\/option><option value=200>Venezia - ITALIA<\/option><option value=23>Vila Velha - ES - BRASIL<\/option><option value=62>Vi\u00f1a Del Mar - CHILE<\/option><option value=24>Vit\u00f3ria - ES - BRASIL<\/option><br \/>\n    <\/select>\n    <\/div>\n<\/p><\/div>\n<div class=\"row\">\n<div class=\"col-md-12\">\n    Cidade onde trabalha<br \/>\n    <input name=\"trabalho\" type=\"text\" \/>\n      <\/div>\n<\/p><\/div>\n<div class=\"row\">\n<div class=\"col-md-12\">\n    \u00c1rea de forma\u00e7\u00e3o<br \/>\n      <select class=\"form-control\" name=\"area\"><option selected=\"selected\" value=\"7\">Selecione uma op\u00e7\u00e3o<\/option><option  value=\"0\">Educa\u00e7\u00e3o F\u00edsica<\/option><option  value=\"1\">Esporte<\/option><option  value=\"2\">Nutri\u00e7\u00e3o<\/option><option  value=\"3\">Medicina<\/option><option  value=\"4\">Psicologia<\/option><option  value=\"5\">Fisioterapia<\/option><option  value=\"6\">Outros<\/option><\/select>\n    <\/div>\n<\/p><\/div>\n<div class=\"row\">\n<div class=\"col-md-12 text-right\" style=\"margin-top: 25px;\">\n      <button class=\"search-form_is btn btn-dark\" type=\"submit\">Buscar<\/button>\n        <\/div>\n<\/p><\/div>\n<\/div>\n<p><\/p>","protected":false},"excerpt":{"rendered":"<p>Haga su b\u00fasqueda utilizando uno o todos los par\u00e1metros a continuaci\u00f3n: Nome Local de Certifica\u00e7\u00e3o Escolha Cidade onde trabalha \u00c1rea de forma\u00e7\u00e3o Selecione uma op\u00e7\u00e3oEduca\u00e7\u00e3o F\u00edsicaEsporteNutri\u00e7\u00e3oMedicinaPsicologiaFisioterapiaOutros Buscar<\/p>\n","protected":false},"author":1,"featured_media":0,"parent":2045,"menu_order":0,"comment_status":"closed","ping_status":"closed","template":"","meta":{"footnotes":""},"class_list":["post-2052","page","type-page","status-publish","hentry"],"_links":{"self":[{"href":"https:\/\/www.worldtoptrainers.com\/wttc2\/index.php?rest_route=\/wp\/v2\/pages\/2052","targetHints":{"allow":["GET"]}}],"collection":[{"href":"https:\/\/www.worldtoptrainers.com\/wttc2\/index.php?rest_route=\/wp\/v2\/pages"}],"about":[{"href":"https:\/\/www.worldtoptrainers.com\/wttc2\/index.php?rest_route=\/wp\/v2\/types\/page"}],"author":[{"embeddable":true,"href":"https:\/\/www.worldtoptrainers.com\/wttc2\/index.php?rest_route=\/wp\/v2\/users\/1"}],"replies":[{"embeddable":true,"href":"https:\/\/www.worldtoptrainers.com\/wttc2\/index.php?rest_route=%2Fwp%2Fv2%2Fcomments&post=2052"}],"version-history":[{"count":2,"href":"https:\/\/www.worldtoptrainers.com\/wttc2\/index.php?rest_route=\/wp\/v2\/pages\/2052\/revisions"}],"predecessor-version":[{"id":10406,"href":"https:\/\/www.worldtoptrainers.com\/wttc2\/index.php?rest_route=\/wp\/v2\/pages\/2052\/revisions\/10406"}],"up":[{"embeddable":true,"href":"https:\/\/www.worldtoptrainers.com\/wttc2\/index.php?rest_route=\/wp\/v2\/pages\/2045"}],"wp:attachment":[{"href":"https:\/\/www.worldtoptrainers.com\/wttc2\/index.php?rest_route=%2Fwp%2Fv2%2Fmedia&parent=2052"}],"curies":[{"name":"wp","href":"https:\/\/api.w.org\/{rel}","templated":true}]}}