{"id":2049,"date":"2016-11-27T18:42:21","date_gmt":"2016-11-27T20:42:21","guid":{"rendered":"http:\/\/www.worldtoptrainers.com\/wttc2\/?page_id=2049"},"modified":"2019-06-03T22:38:46","modified_gmt":"2019-06-04T01:38:46","slug":"cadastrar-se","status":"publish","type":"page","link":"https:\/\/www.worldtoptrainers.com\/wttc2\/?page_id=2049","title":{"rendered":"Cadastrar-se"},"content":{"rendered":"<p><\/p>\n<form id=\"form\" action=\"treinadores-certificados\/cadastro2.php\" enctype=\"multipart\/form-data\" method=\"post\" name=\"form\"><!-- Se\u00e7\u00e3o 01 --><br \/>\n<!-- Linha 01 --><\/p>\n<div class=\"row\">\n<div class=\"col-md-3\">\n<p>Nome completo:<br \/>\n<input id=\"email\" multiple=\"multiple\" name=\"name\" required=\"required\" type=\"text\" \/><\/p>\n<\/div>\n<div class=\"col-md-3\">\n<p>Email:<br \/>\n<input id=\"email3\" name=\"email\" required=\"required\" type=\"email\" \/><\/p>\n<\/div>\n<div class=\"col-md-3\">\n<p>Telefone:<br \/>\n<input id=\"tel4\" name=\"phone_number\" required=\"required\" type=\"text\" placeholder=\"00 0000-0000\" \/><\/p>\n<\/div>\n<div class=\"col-md-3\">\n<p>Celular:<br \/>\n<input id=\"cel4\" name=\"mobile_number\" type=\"text\" \/><\/p>\n<\/div>\n<\/div>\n<p><!-- Linha 03 Nova --><\/p>\n<div class=\"row\">\n<div class=\"col-md-3\">\n<p>Endere\u00e7o atual:<br \/>\n<input id=\"endereco\" name=\"endereco\" required=\"required\" type=\"text\" \/><\/p>\n<\/div>\n<div class=\"col-md-3\">\n<p>Pa\u00eds:<br \/>\n<select id=\"country\" class=\"form-control\" style=\"width: 100%;\" name=\"country\" onchange=\"limpar('region');limpar('province');getplaces(this.value,'province');\"><option value=\"\"><\/option><\/select><\/p>\n<\/div>\n<div class=\"col-md-3\">\n<p>Estado:<br \/>\n<select id=\"province\" class=\"form-control\" style=\"width: 100%;\" name=\"province\" onchange=\"limpar('region');getplaces(this.value,'region')\"><option value=\"\"><\/option><\/select><\/p>\n<\/div>\n<div class=\"col-md-3\">\n<p>Cidade:<br \/>\n<select id=\"region\" class=\"form-control\" style=\"width: 100%;\" name=\"region\"><option value=\"\"><\/option><\/select><\/p>\n<\/div>\n<\/div>\n<p><!-- Linha 02 --><\/p>\n<div class=\"row\">\n<div class=\"col-md-3\">\n<p>Nascimento:<br \/>\n<input id=\"nasc2\" name=\"data_nascimento\" pattern=\"^(0[1-9]|[12][0-9]|3[01])[- \/.](0[1-9]|1[012])[- \/.](19|20)\\d\\d$\" required=\"required\" type=\"text\" placeholder=\"00\/00\/0000\" \/><\/p>\n<\/div>\n<div class=\"col-md-3\">\n<p>CPF:<br \/>\n<input id=\"cpf3\" maxlength=\"14\" name=\"cpf\" type=\"text\" placeholder=\"000.000.000-00\" \/><\/p>\n<\/div>\n<div class=\"col-md-3\">\n<p>RG:<br \/>\n<input id=\"doc_num3\" maxlength=\"20\" name=\"rg\" required=\"required\" type=\"text\" \/><\/p>\n<\/div>\n<div class=\"col-md-3\">\n<p>CREF:<br \/>\n<input id=\"cref\" name=\"cref\" type=\"text\" \/><\/p>\n<\/div>\n<\/div>\n<p><!-- Linha 03 Nova Empresa --><\/p>\n<div class=\"row\">\n<div class=\"col-md-3\">\n<p>Empresa atual:<br \/>\n<input id=\"\" name=\"empresaAtual\" type=\"text\" \/><\/p>\n<\/div>\n<div class=\"col-md-3\">\n<p>Pa\u00eds:<br \/>\n<select id=\"country2\" class=\"form-control\" style=\"width: 100%;\" name=\"country2\" onchange=\"limpar('region2');limpar('province2');getplaces(this.value,'province2');\"><option value=\"\"><\/option><\/select><\/p>\n<\/div>\n<div class=\"col-md-3\">\n<p>Estado:<br \/>\n<select id=\"province2\" class=\"form-control\" style=\"width: 100%;\" name=\"province2\" onchange=\"limpar('region2');getplaces(this.value,'region2')\"><option value=\"\"><\/option><\/select><\/p>\n<\/div>\n<div class=\"col-md-3\">\n<p>Cidade:<br \/>\n<select id=\"region2\" class=\"form-control\" style=\"width: 100%;\" name=\"region2\"><option value=\"\"><\/option><\/select><\/p>\n<\/div>\n<\/div>\n<hr \/>\n<p><!-- Se\u00e7\u00e3o 02 --><br \/>\n<!-- Linha 04 --><\/p>\n<div class=\"row\">\n<div class=\"col-md-6\">\n<div class=\"row\">\n<div class=\"col-md-12\">Resumo do curr\u00edculo:<br \/>\n<textarea id=\"resume\" style=\"min-height: 350px;\" maxlength=\"500\" name=\"resume\"><\/textarea><\/div>\n<\/div>\n<\/div>\n<div class=\"col-md-6\">\n<div class=\"row\">\n<div class=\"col-md-12\">\n<p>Foto do perfil: (favor enviar no formato retrato)<br \/>\n<input id=\"filename\" class=\"but\" name=\"filename\" required=\"required\" size=\"32\" type=\"file\" value=\"\" \/><\/p>\n<\/div>\n<\/div>\n<div class=\"row\">\n<div class=\"col-md-12\">\n<p>Logomarca:<br \/>\n<input id=\"marca\" class=\"but\" name=\"marca\" size=\"32\" type=\"file\" value=\"\" \/><\/p>\n<\/div>\n<\/div>\n<div class=\"row\">\n<div class=\"col-md-12\">\n<p>Treinador:<\/p>\n<div class=\"form-check form-check-inline\">\n<p><input id=\"estudante\" class=\"form-check-input\" name=\"treinador\" type=\"radio\" value=\"E\" \/><br \/>\n<label class=\"form-check-label\" for=\"estudante\"><br \/>\nEstudante<\/label><\/p>\n<\/div>\n<div class=\"form-check form-check-inline\">\n<p><input id=\"graduado\" class=\"form-check-input\" name=\"treinador\" type=\"radio\" value=\"G\" \/><br \/>\n<label class=\"form-check-label\" for=\"graduado\"><br \/>\nGraduado<\/label><\/p>\n<\/div>\n<\/div>\n<\/div>\n<div class=\"row\">\n<div class=\"col-md-12\">\n<p>\u00c1rea de Forma\u00e7\u00e3o:<\/p>\n<p><select id=\"areaFormacao\" name=\"areaFormacao\"><option selected=\"selected\" value=\"Educa\u00e7\u00e3o F\u00edsica\">Educa\u00e7\u00e3o F\u00edsica<\/option><option value=\"Esporte\">Esporte<\/option><option value=\"Nutri\u00e7\u00e3o\">Nutri\u00e7\u00e3o<\/option><option value=\"Medicina\">Medicina<\/option><option value=\"Psicologia\">Psicologia<\/option><option value=\"Fisioterapia\">Fisioterapia<\/option><option value=\"Outros\">Outros<\/option><\/select><\/p>\n<\/div>\n<\/div>\n<\/div>\n<\/div>\n<hr \/>\n<p><!-- Se\u00e7\u00e3o 03 --><br \/>\n<!-- Linha 05 --><\/p>\n<div class=\"row\">\n<div class=\"col-md-3\">\n<p>Gradua\u00e7\u00e3o ou curso 01:<br \/>\n<input id=\"graduacao1\" name=\"graduacao1\" type=\"text\" \/><\/p>\n<\/div>\n<div class=\"col-md-3\">\n<p>Institui\u00e7\u00e3o:<br \/>\n<input id=\"instituicao_grad1\" name=\"instituicao_grad1\" type=\"text\" \/><\/p>\n<\/div>\n<div class=\"col-md-3\">\n<p>In\u00edcio:<br \/>\n<input id=\"inicio_grad1\" title=\"M\u00eas\/Ano =&gt; ex.: 01\/2014\" maxlength=\"20\" name=\"inicio_grad1\" type=\"text\" placeholder=\"00\/0000\" \/><\/p>\n<\/div>\n<div class=\"col-md-3\">\n<p>T\u00e9rmino:<br \/>\n<input id=\"term_grad1\" title=\"M\u00eas\/Ano =&gt; ex.: 01\/2014\" maxlength=\"20\" name=\"term_grad1\" type=\"text\" placeholder=\"00\/0000\" \/><\/p>\n<\/div>\n<\/div>\n<p><!-- Linha 06 --><\/p>\n<div class=\"row\">\n<div class=\"col-md-3\">\n<p>Gradua\u00e7\u00e3o ou curso 02:<br \/>\n<input id=\"graduacao2\" name=\"graduacao2\" type=\"text\" \/><\/p>\n<\/div>\n<div class=\"col-md-3\">\n<p>Institui\u00e7\u00e3o:<br \/>\n<input id=\"instituicao_grad2\" name=\"instituicao_grad2\" type=\"text\" \/><\/p>\n<\/div>\n<div class=\"col-md-3\">\n<p>In\u00edcio:<br \/>\n<input id=\"inicio_grad2\" title=\"M\u00eas\/Ano =&gt; ex.: 01\/2014\" maxlength=\"20\" name=\"inicio_grad2\" type=\"text\" placeholder=\"00\/0000\" \/><\/p>\n<\/div>\n<div class=\"col-md-3\">\n<p>T\u00e9rmino:<br \/>\n<input id=\"term_grad2\" title=\"M\u00eas\/Ano =&gt; ex.: 01\/2014\" maxlength=\"20\" name=\"term_grad2\" type=\"text\" placeholder=\"00\/0000\" \/><\/p>\n<\/div>\n<\/div>\n<p><!-- Linha 07 --><\/p>\n<div class=\"row\">\n<div class=\"col-md-3\">\n<p>Gradua\u00e7\u00e3o ou curso 03:<br \/>\n<input id=\"graduacao3\" name=\"graduacao3\" type=\"text\" \/><\/p>\n<\/div>\n<div class=\"col-md-3\">\n<p>Institui\u00e7\u00e3o:<br \/>\n<input id=\"instituicao_grad3\" name=\"instituicao_grad3\" type=\"text\" \/><\/p>\n<\/div>\n<div class=\"col-md-3\">\n<p>In\u00edcio:<br \/>\n<input id=\"inicio_grad3\" title=\"M\u00eas\/Ano =&gt; ex.: 01\/2014\" maxlength=\"20\" name=\"inicio_grad3\" type=\"text\" placeholder=\"00\/0000\" \/><\/p>\n<\/div>\n<div class=\"col-md-3\">\n<p>T\u00e9rmino:<br \/>\n<input id=\"term_grad3\" title=\"M\u00eas\/Ano =&gt; ex.: 01\/2014\" maxlength=\"20\" name=\"term_grad3\" type=\"text\" placeholder=\"00\/0000\" \/><\/p>\n<\/div>\n<\/div>\n<p><!-- Linha 08 --><\/p>\n<div class=\"row\">\n<div class=\"col-md-3\">\n<p>Gradua\u00e7\u00e3o ou curso 04:<br \/>\n<input id=\"graduacao4\" name=\"graduacao4\" type=\"text\" \/><\/p>\n<\/div>\n<div class=\"col-md-3\">\n<p>Institui\u00e7\u00e3o:<br \/>\n<input id=\"instituicao_grad4\" name=\"instituicao_grad4\" type=\"text\" \/><\/p>\n<\/div>\n<div class=\"col-md-3\">\n<p>In\u00edcio:<br \/>\n<input id=\"inicio_grad4\" title=\"M\u00eas\/Ano =&gt; ex.: 01\/2014\" maxlength=\"20\" name=\"inicio_grad4\" type=\"text\" placeholder=\"00\/0000\" \/><\/p>\n<\/div>\n<div class=\"col-md-3\">\n<p>T\u00e9rmino:<br \/>\n<input id=\"term_grad4\" title=\"M\u00eas\/Ano =&gt; ex.: 01\/2014\" maxlength=\"20\" name=\"term_grad4\" type=\"text\" placeholder=\"00\/0000\" \/><\/p>\n<\/div>\n<\/div>\n<p><!-- Se\u00e7\u00e3o 04 --><br \/>\n<!-- Linha 09 --><\/p>\n<div class=\"row\">\n<div class=\"col-md-6\">\n<p>Disponibilidade de hor\u00e1rios:<\/p>\n<div id=\"agenda\">\n<table class=\"agenda\" style=\"background: FFF; border-top: 0; border-bottom: 0; font-size: 12px; text-align: center; padding: 10px;\" border=\"0\" width=\"100%\">\n<tbody>\n<tr>\n<td><\/td>\n<td align=\"center\" bgcolor=\"#ecf0f1\">Dom<\/td>\n<td align=\"center\">Seg<\/td>\n<td align=\"center\" bgcolor=\"#ecf0f1\">Ter<\/td>\n<td align=\"center\">Qua<\/td>\n<td align=\"center\" bgcolor=\"#ecf0f1\">Qui<\/td>\n<td align=\"center\">Sex<\/td>\n<td align=\"center\" bgcolor=\"#ecf0f1\">Sab<\/td>\n<\/tr>\n<tr>\n<td>Manh\u00e3<\/td>\n<td align=\"center\" bgcolor=\"#ecf0f1\"><input id=\"checkbox5\" name=\"dom_manha\" type=\"checkbox\" \/><\/td>\n<td align=\"center\"><input id=\"checkbox8\" name=\"seg_manha\" type=\"checkbox\" \/><\/td>\n<td align=\"center\" bgcolor=\"#ecf0f1\"><input id=\"checkbox11\" name=\"ter_manha\" type=\"checkbox\" \/><\/td>\n<td align=\"center\"><input id=\"checkbox14\" name=\"qua_manha\" type=\"checkbox\" \/><\/td>\n<td align=\"center\" bgcolor=\"#ecf0f1\"><input id=\"checkbox17\" name=\"qui_manha\" type=\"checkbox\" \/><\/td>\n<td align=\"center\"><input id=\"checkbox22\" name=\"sex_manha\" type=\"checkbox\" \/><\/td>\n<td align=\"center\" bgcolor=\"#ecf0f1\"><input id=\"checkbox23\" name=\"sab_manha\" type=\"checkbox\" \/><\/td>\n<\/tr>\n<tr>\n<td>Tarde<\/td>\n<td align=\"center\" bgcolor=\"#ecf0f1\"><input id=\"checkbox6\" name=\"dom_tarde\" type=\"checkbox\" \/><\/td>\n<td align=\"center\"><input id=\"checkbox9\" name=\"seg_tarde\" type=\"checkbox\" \/><\/td>\n<td align=\"center\" bgcolor=\"#ecf0f1\"><input id=\"checkbox12\" name=\"ter_tarde\" type=\"checkbox\" \/><\/td>\n<td align=\"center\"><input id=\"checkbox15\" name=\"qua_tarde\" type=\"checkbox\" \/><\/td>\n<td align=\"center\" bgcolor=\"#ecf0f1\"><input id=\"checkbox18\" name=\"qui_tarde\" type=\"checkbox\" \/><\/td>\n<td align=\"center\"><input id=\"checkbox21\" name=\"sex_tarde\" type=\"checkbox\" \/><\/td>\n<td align=\"center\" bgcolor=\"#ecf0f1\"><input id=\"checkbox24\" name=\"sab_tarde\" type=\"checkbox\" \/><\/td>\n<\/tr>\n<tr>\n<td>Noite<\/td>\n<td align=\"center\" bgcolor=\"#ecf0f1\"><input id=\"checkbox7\" name=\"dom_noite\" type=\"checkbox\" \/><\/td>\n<td align=\"center\"><input id=\"checkbox10\" name=\"seg_noite\" type=\"checkbox\" \/><\/td>\n<td align=\"center\" bgcolor=\"#ecf0f1\"><input id=\"checkbox13\" name=\"ter_noite\" type=\"checkbox\" \/><\/td>\n<td align=\"center\"><input id=\"checkbox16\" name=\"qua_noite\" type=\"checkbox\" \/><\/td>\n<td align=\"center\" bgcolor=\"#ecf0f1\"><input id=\"checkbox19\" name=\"qui_noite\" type=\"checkbox\" \/><\/td>\n<td align=\"center\"><input id=\"checkbox20\" name=\"sex_noite\" type=\"checkbox\" \/><\/td>\n<td align=\"center\" bgcolor=\"#ecf0f1\"><input id=\"checkbox25\" name=\"sab_noite\" type=\"checkbox\" \/><\/td>\n<\/tr>\n<\/tbody>\n<\/table>\n<\/div>\n<\/div>\n<div class=\"col-md-3\">\n<p>Senha:<br \/>\n<input id=\"password\" name=\"password\" required=\"required\" type=\"password\" \/><\/p>\n<\/div>\n<div class=\"col-md-3\">\n<p>Repetir senha:<br \/>\n<input id=\"password2\" name=\"password2\" required=\"required\" type=\"password\" \/><\/p>\n<\/div>\n<\/div>\n<p><!-- Linha 10 --><\/p>\n<div class=\"row\">\n<div class=\"col-md-12\" style=\"padding: 25px 0 25px 0;\">\nPara ter o cadastro aprovado no site da WTTC, voc\u00ea precisa ter realizado algum dos 4 m\u00f3dulos da Certifica\u00e7\u00e3o ou conclu\u00eddo um dos n\u00edveis do programa Masterminds. Enquanto voc\u00ea n\u00e3o tiver conclu\u00eddo um curso WTTC ou um dos n\u00edveis Masterminds, o seu cadastro n\u00e3o ser\u00e1 aprovado.\n<\/div>\n<\/div>\n<p><!-- Linha 11 --><\/p>\n<div class=\"row\">\n<div class=\"col-md-6\">\n<div style=\"text-align: center; margin: 0 auto;\">\n<p>Precisa de ajuda? <a href=\"index.php\/?page_id=2090\">Clique aqui.<\/a><\/p>\n<p>Ao realizar o cadastro, aguarde carregar a pr\u00f3xima p\u00e1gina.<\/p>\n<\/div>\n<\/div>\n<div class=\"col-md-6\">\n<div align=\"right\"><button class=\"search-form_is btn btn-dark\" type=\"submit\">Enviar para aprova\u00e7\u00e3o<\/button><\/div>\n<\/div>\n<\/div>\n<\/form>\n<p><\/p>","protected":false},"excerpt":{"rendered":"<p>Nome completo: Email: Telefone: Celular: Endere\u00e7o atual: Pa\u00eds: Estado: Cidade: Nascimento: CPF: RG: CREF: Empresa atual: Pa\u00eds: Estado: Cidade: Resumo do curr\u00edculo: Foto do perfil: (favor enviar no formato retrato) Logomarca: Treinador: Estudante Graduado \u00c1rea de Forma\u00e7\u00e3o: Educa\u00e7\u00e3o F\u00edsicaEsporteNutri\u00e7\u00e3oMedicinaPsicologiaFisioterapiaOutros Gradua\u00e7\u00e3o ou curso 01: Institui\u00e7\u00e3o: In\u00edcio: T\u00e9rmino: Gradua\u00e7\u00e3o ou curso 02: Institui\u00e7\u00e3o: In\u00edcio: T\u00e9rmino: Gradua\u00e7\u00e3o ou [&hellip;]<\/p>\n","protected":false},"author":1,"featured_media":0,"parent":2045,"menu_order":0,"comment_status":"closed","ping_status":"closed","template":"","meta":{"footnotes":""},"class_list":["post-2049","page","type-page","status-publish","hentry"],"_links":{"self":[{"href":"https:\/\/www.worldtoptrainers.com\/wttc2\/index.php?rest_route=\/wp\/v2\/pages\/2049","targetHints":{"allow":["GET"]}}],"collection":[{"href":"https:\/\/www.worldtoptrainers.com\/wttc2\/index.php?rest_route=\/wp\/v2\/pages"}],"about":[{"href":"https:\/\/www.worldtoptrainers.com\/wttc2\/index.php?rest_route=\/wp\/v2\/types\/page"}],"author":[{"embeddable":true,"href":"https:\/\/www.worldtoptrainers.com\/wttc2\/index.php?rest_route=\/wp\/v2\/users\/1"}],"replies":[{"embeddable":true,"href":"https:\/\/www.worldtoptrainers.com\/wttc2\/index.php?rest_route=%2Fwp%2Fv2%2Fcomments&post=2049"}],"version-history":[{"count":0,"href":"https:\/\/www.worldtoptrainers.com\/wttc2\/index.php?rest_route=\/wp\/v2\/pages\/2049\/revisions"}],"up":[{"embeddable":true,"href":"https:\/\/www.worldtoptrainers.com\/wttc2\/index.php?rest_route=\/wp\/v2\/pages\/2045"}],"wp:attachment":[{"href":"https:\/\/www.worldtoptrainers.com\/wttc2\/index.php?rest_route=%2Fwp%2Fv2%2Fmedia&parent=2049"}],"curies":[{"name":"wp","href":"https:\/\/api.w.org\/{rel}","templated":true}]}}